{"id":5545,"date":"2022-06-19T10:44:53","date_gmt":"2022-06-19T13:44:53","guid":{"rendered":"https:\/\/www.kalaes.com.br\/22\/?page_id=5545"},"modified":"2025-06-03T09:01:09","modified_gmt":"2025-06-03T12:01:09","slug":"quemsomos","status":"publish","type":"page","link":"https:\/\/www.kalaes.com.br\/22\/quemsomos\/","title":{"rendered":"Quem Somos"},"content":{"rendered":"<div class=\"wpb-content-wrapper\"><p>[vc_row full_width=&#8221;stretch_row&#8221; tlg_enable_overlay=&#8221;yes&#8221; el_id=&#8221;quemsomos&#8221; tlg_bg_overlay=&#8221;#3f3f3f&#8221; tlg_bg_overlay_value=&#8221;5&#8243;][vc_column parallax=&#8221;content-moving&#8221; parallax_image=&#8221;5552&#8243;]<div class=\"tlg-spacer \" data-height=\"80\" data-height-tablet=\"80\" data-height-mobile=\"80\" style=\"clear:both;display:block;height:80px;\"><\/div>[vc_row_inner content_placement=&#8221;top&#8221; gap=&#8221;30&#8243; css=&#8221;.vc_custom_1534275041885{padding-right: 40px !important;padding-left: 40px !important;}&#8221;][vc_column_inner width=&#8221;1\/6&#8243;][\/vc_column_inner][vc_column_inner width=&#8221;2\/3&#8243;][vc_column_text]<\/p>\n<h2 style=\"text-align: center;\"><strong><span style=\"color: #ff0000;\">Somos uma Holding Multissetorial de Franquias que traz no seu DNA 30 anos de experi\u00eancia no segmento.<\/span><\/strong><\/h2>\n<p>[\/vc_column_text][vc_column_text]<\/p>\n<h5 style=\"text-align: center;\"><span style=\"color: #ffffff;\">Nosso principal foco \u00e9 implantar gest\u00e3o total, acelera\u00e7\u00e3o de resultados<\/span><br \/>\n<span style=\"color: #ffffff;\">e expans\u00e3o sustent\u00e1vel, oferecendo aos nossos franqueados suporte total e resultados plenos.<\/span><\/h5>\n<p>[\/vc_column_text][\/vc_column_inner][vc_column_inner width=&#8221;1\/6&#8243;][\/vc_column_inner][\/vc_row_inner][vc_row_inner content_placement=&#8221;top&#8221; gap=&#8221;30&#8243; css=&#8221;.vc_custom_1543767291239{padding-right: 40px !important;padding-left: 40px !important;}&#8221; el_class=&#8221;text-center&#8221;][vc_column_inner width=&#8221;1\/4&#8243;][\/vc_column_inner][vc_column_inner width=&#8221;1\/6&#8243;]<a  id=\"btn-69ea1d854fff4\" class=\"md-trigger btn btn-filled btn-rounded   \" data-modal=\"modal-69ea1d854fff5\" href=\"#\">MISS\u00c3O<\/a><div class=\"modal-button\"><div id=\"modal-69ea1d854fff5\" class=\" md-modal md-modal-1 text-center\"><div class=\"md-content\"><div class=\"md-content-inner\">[vc_column_text]<\/p>\n<h5 style=\"text-align: left;\">Transformar a vida das pessoas e gerar renda, atrav\u00e9s de neg\u00f3cios s\u00f3lidos e treinamentos cont\u00ednuos. Criar valor para empresas e franqueados, otimizando a gest\u00e3o e acelerando a expans\u00e3o atrav\u00e9s do sistema de franquias.<\/h5>\n<p>[\/vc_column_text]<\/div><\/div><div class=\"text-center\"><a class=\"md-close inline-block mt24\" href=\"#\"><i class=\"ti-close\"><\/i><\/a><\/div><\/div><div class=\"md-overlay\"><\/div><\/div><script type=\"text\/javascript\">jQuery(document).ready(function(){jQuery('head').append('<style type=\"text\/css\" id=\"tlg-custom-css-btn-69ea1d854fff4\">#modal-69ea1d854fff5 .md-content{ background-color: #dd3333!important; }#modal-69ea1d854fff5 .md-content h1, #modal-69ea1d854fff5 .md-content h2, #modal-69ea1d854fff5 .md-content h3, #modal-69ea1d854fff5 .md-content h4, #modal-69ea1d854fff5 .md-content h5, #modal-69ea1d854fff5 .md-content h6, #modal-69ea1d854fff5 .md-content p, #modal-69ea1d854fff5 .md-content .lead, #modal-69ea1d854fff5 .md-content .widgetsubtitle{ color: #ffffff!important; }<\/style>');});<\/script>[\/vc_column_inner][vc_column_inner width=&#8221;1\/6&#8243;]<a  id=\"btn-69ea1d8550010\" class=\"md-trigger btn btn-filled btn-rounded   \" data-modal=\"modal-69ea1d8550011\" href=\"#\">VIS\u00c3O<\/a><div class=\"modal-button\"><div id=\"modal-69ea1d8550011\" class=\" md-modal md-modal-1 text-center\"><div class=\"md-content\"><div class=\"md-content-inner\">[vc_column_text]<\/p>\n<h5>Ser a melhor e mais reconhecida Holding de franquias multissetoriais do pa\u00eds, oferecendo aos nossos clientes os melhores servi\u00e7os e produtos de cada setor que atuamos, perpetuando essas marcas no mercado.<\/h5>\n<p>[\/vc_column_text]<\/div><\/div><div class=\"text-center\"><a class=\"md-close inline-block mt24\" href=\"#\"><i class=\"ti-close\"><\/i><\/a><\/div><\/div><div class=\"md-overlay\"><\/div><\/div><script type=\"text\/javascript\">jQuery(document).ready(function(){jQuery('head').append('<style type=\"text\/css\" id=\"tlg-custom-css-btn-69ea1d8550010\">#modal-69ea1d8550011 .md-content{ background-color: #dd3333!important; }#modal-69ea1d8550011 .md-content h1, #modal-69ea1d8550011 .md-content h2, #modal-69ea1d8550011 .md-content h3, #modal-69ea1d8550011 .md-content h4, #modal-69ea1d8550011 .md-content h5, #modal-69ea1d8550011 .md-content h6, #modal-69ea1d8550011 .md-content p, #modal-69ea1d8550011 .md-content .lead, #modal-69ea1d8550011 .md-content .widgetsubtitle{ color: #ffffff!important; }<\/style>');});<\/script>[\/vc_column_inner][vc_column_inner width=&#8221;1\/6&#8243;]<a  id=\"btn-69ea1d855001f\" class=\"md-trigger btn btn-filled btn-rounded   \" data-modal=\"modal-69ea1d8550020\" href=\"#\">VALORES<\/a><div class=\"modal-button\"><div id=\"modal-69ea1d8550020\" class=\" md-modal md-modal-1 text-center\"><div class=\"md-content\"><div class=\"md-content-inner\">[vc_column_text]<\/p>\n<h5>\u00c9tica e transpar\u00eancia nos neg\u00f3cios | Profissionalismo total | Respeito \u00e0s pessoas<\/h5>\n<p>[\/vc_column_text]<\/div><\/div><div class=\"text-center\"><a class=\"md-close inline-block mt24\" href=\"#\"><i class=\"ti-close\"><\/i><\/a><\/div><\/div><div class=\"md-overlay\"><\/div><\/div><script type=\"text\/javascript\">jQuery(document).ready(function(){jQuery('head').append('<style type=\"text\/css\" id=\"tlg-custom-css-btn-69ea1d855001f\">#modal-69ea1d8550020 .md-content{ background-color: #dd3333!important; }#modal-69ea1d8550020 .md-content h1, #modal-69ea1d8550020 .md-content h2, #modal-69ea1d8550020 .md-content h3, #modal-69ea1d8550020 .md-content h4, #modal-69ea1d8550020 .md-content h5, #modal-69ea1d8550020 .md-content h6, #modal-69ea1d8550020 .md-content p, #modal-69ea1d8550020 .md-content .lead, #modal-69ea1d8550020 .md-content .widgetsubtitle{ color: #ffffff!important; }<\/style>');});<\/script>[\/vc_column_inner][vc_column_inner width=&#8221;1\/4&#8243;][\/vc_column_inner][\/vc_row_inner]<div class=\"tlg-spacer \" data-height=\"70\" data-height-tablet=\"70\" data-height-mobile=\"70\" style=\"clear:both;display:block;height:70px;\"><\/div>[\/vc_column][\/vc_row][vc_row full_width=&#8221;stretch_row&#8221; el_id=&#8221;diferenciais&#8221; css=&#8221;.vc_custom_1543768033477{background-color: #ededed !important;}&#8221;][vc_column]<div class=\"tlg-spacer \" data-height=\"90\" data-height-tablet=\"90\" data-height-mobile=\"90\" style=\"clear:both;display:block;height:90px;\"><\/div>[vc_column_text]<\/p>\n<h1 style=\"text-align: center;\"><strong><span style=\"color: #ff0000;\">NOSSOS DIFERENCIAIS<\/span><\/strong><\/h1>\n<p>[\/vc_column_text][vc_row_inner][vc_column_inner][vc_single_image image=&#8221;6457&#8243; img_size=&#8221;full&#8221; alignment=&#8221;center&#8221; css=&#8221;&#8221;][\/vc_column_inner][\/vc_row_inner][\/vc_column][\/vc_row][vc_row full_width=&#8221;stretch_row&#8221; el_id=&#8221;sek&#8221; css=&#8221;.vc_custom_1655651339936{background-color: #ffffff !important;}&#8221;][vc_column][vc_row_inner content_placement=&#8221;middle&#8221; gap=&#8221;10&#8243;][vc_column_inner width=&#8221;1\/2&#8243;][vc_single_image image=&#8221;5554&#8243; img_size=&#8221;full&#8221; alignment=&#8221;center&#8221; css_animation=&#8221;fadeInLeft&#8221;][\/vc_column_inner][vc_column_inner width=&#8221;1\/2&#8243; css=&#8221;.vc_custom_1655647222681{padding-right: 30px !important;padding-left: 30px !important;}&#8221;]<div class=\"tlg-spacer \" data-height=\"10\" data-height-tablet=\"10\" data-height-mobile=\"40\" style=\"clear:both;display:block;height:10px;\"><\/div>[vc_column_text]<\/p>\n<h1><strong><span style=\"color: #ff0000;\">PROFESSOR FRANQUIA<\/span><\/strong><\/h1>\n<p>[\/vc_column_text][vc_column_text css=&#8221;.vc_custom_1713271768728{padding-right: 20px !important;}&#8221;]<\/p>\n<h5><span style=\"color: #ff0000;\">Sidney Kalaes<\/span>, carinhosamente conhecido como Professor Franquia, iniciou h\u00e1 30 anos sua vasta experi\u00eancia neste meio como M\u00e1ster Franqueado em S\u00e3o Paulo com grandes marcas voltadas ao ramo de beleza e inform\u00e1tica. Posteriormente, com o sucesso e reconhecimento de seu trabalho, desenvolveu v\u00e1rios neg\u00f3cios em franquias de grande porte.<\/h5>\n<h5>Seu nome \u00e9 conhecido nacionalmente no ramo de franquias por sua expertise em treinamentos, capacita\u00e7\u00e3o e desenvolvimento pessoal dos seus franqueados e respectivas equipes, capacitando-os de forma que possam gerar grandes resultados.<\/h5>\n<p>[\/vc_column_text]<div class=\"tlg-spacer \" data-height=\"40\" data-height-tablet=\"40\" data-height-mobile=\"40\" style=\"clear:both;display:block;height:40px;\"><\/div>[\/vc_column_inner][\/vc_row_inner][vc_row_inner content_placement=&#8221;middle&#8221; gap=&#8221;10&#8243;][vc_column_inner width=&#8221;1\/2&#8243;][vc_single_image image=&#8221;5553&#8243; img_size=&#8221;full&#8221; alignment=&#8221;center&#8221; css_animation=&#8221;fadeInLeft&#8221;][\/vc_column_inner][vc_column_inner width=&#8221;1\/2&#8243; css=&#8221;.vc_custom_1655647565957{padding-right: 30px !important;padding-left: 30px !important;}&#8221;]<div class=\"tlg-spacer \" data-height=\"10\" data-height-tablet=\"10\" data-height-mobile=\"40\" style=\"clear:both;display:block;height:10px;\"><\/div>[vc_column_text]<\/p>\n<h1><strong><span style=\"color: #ff0000;\">MARKETING DE IMPACTO<\/span><\/strong><\/h1>\n<p>[\/vc_column_text][vc_column_text css=&#8221;.vc_custom_1713271777948{padding-right: 20px !important;}&#8221;]<\/p>\n<h5><span style=\"color: #ff0000;\">Daniel Kalaes<\/span>, Vice Presidente do Grupo Kalaes, possui mais de 25 anos de experi\u00eancia no segmento de franquias, com especialidades em expans\u00e3o, marketing e opera\u00e7\u00f5es. Foi Franqueado durante muitos anos, conhecendo na pr\u00e1tica as vantagens e os desafios da carreira empresarial. Participou tamb\u00e9m do Programa de Especializa\u00e7\u00e3o de Executivos em Franchising realizado no Franchise College.<\/h5>\n<p>[\/vc_column_text]<div class=\"tlg-spacer \" data-height=\"40\" data-height-tablet=\"40\" data-height-mobile=\"40\" style=\"clear:both;display:block;height:40px;\"><\/div>[\/vc_column_inner][\/vc_row_inner][vc_row_inner content_placement=&#8221;middle&#8221; gap=&#8221;10&#8243;][vc_column_inner width=&#8221;1\/2&#8243;][vc_single_image image=&#8221;5747&#8243; img_size=&#8221;full&#8221; alignment=&#8221;center&#8221; css_animation=&#8221;fadeInLeft&#8221;][\/vc_column_inner][vc_column_inner width=&#8221;1\/2&#8243; css=&#8221;.vc_custom_1655647565957{padding-right: 30px !important;padding-left: 30px !important;}&#8221;]<div class=\"tlg-spacer \" data-height=\"10\" data-height-tablet=\"10\" data-height-mobile=\"40\" style=\"clear:both;display:block;height:10px;\"><\/div>[vc_column_text]<\/p>\n<h1><strong><span style=\"color: #ff0000;\">EXPERTISE EM FRANQUIAS<\/span><\/strong><\/h1>\n<p>[\/vc_column_text][vc_column_text css=&#8221;.vc_custom_1685563321765{padding-right: 20px !important;}&#8221;]<\/p>\n<h5><span style=\"color: #ff0000;\">Felipe Kalaes <\/span>\u00e9 formado em Administra\u00e7\u00e3o de Empresas. Mas foi a pr\u00e1tica empresarial que o ensinou muito do que sabe: ao come\u00e7ar a trabalhar cedo como franqueado, com apenas 14 anos, pode passar por todas as \u00e1reas de um neg\u00f3cio, aprendendo sobre opera\u00e7\u00e3o, gest\u00e3o, marketing, vendas e relacionamento interpessoal. Assim, desenvolveu habilidades que, hoje, fazem diferen\u00e7a no apoio que presta \u00e0 redes franqueadas.<\/h5>\n<p>[\/vc_column_text]<div class=\"tlg-spacer \" data-height=\"40\" data-height-tablet=\"40\" data-height-mobile=\"40\" style=\"clear:both;display:block;height:40px;\"><\/div>[\/vc_column_inner][\/vc_row_inner][\/vc_column][\/vc_row][vc_row full_width=&#8221;stretch_row&#8221; disable_element=&#8221;yes&#8221; el_id=&#8221;timeline&#8221; css=&#8221;.vc_custom_1713271918261{padding-right: 30px !important;padding-left: 30px !important;background-color: #ffffff !important;}&#8221;][vc_column offset=&#8221;vc_hidden-sm vc_hidden-xs&#8221;]<div class=\"tlg-spacer \" data-height=\"30\" data-height-tablet=\"30\" data-height-mobile=\"30\" style=\"clear:both;display:block;height:30px;\"><\/div>[vc_single_image image=&#8221;5748&#8243; img_size=&#8221;full&#8221; alignment=&#8221;center&#8221; css_animation=&#8221;none&#8221;]<div class=\"tlg-spacer \" data-height=\"30\" data-height-tablet=\"30\" data-height-mobile=\"30\" style=\"clear:both;display:block;height:30px;\"><\/div>[\/vc_column][\/vc_row][vc_row tlg_padding=&#8221;pt0 pb0&#8243; el_id=&#8221;contato&#8221;][vc_column][\/vc_column][\/vc_row]<\/p>\n<\/div>","protected":false},"excerpt":{"rendered":"<p>[vc_row full_width=&#8221;stretch_row&#8221; tlg_enable_overlay=&#8221;yes&#8221; el_id=&#8221;quemsomos&#8221; tlg_bg_overlay=&#8221;#3f3f3f&#8221; tlg_bg_overlay_value=&#8221;5&#8243;][vc_column parallax=&#8221;content-moving&#8221; parallax_image=&#8221;5552&#8243;][vc_row_inner content_placement=&#8221;top&#8221; gap=&#8221;30&#8243; css=&#8221;.vc_custom_1534275041885{padding-right: 40px !important;padding-left: 40px !important;}&#8221;][vc_column_inner width=&#8221;1\/6&#8243;][\/vc_column_inner][vc_column_inner&#8230;<\/p>\n","protected":false},"author":2,"featured_media":0,"parent":0,"menu_order":0,"comment_status":"closed","ping_status":"closed","template":"","meta":{"footnotes":""},"class_list":["post-5545","page","type-page","status-publish","hentry"],"yoast_head":"<!-- This site is optimized with the Yoast SEO plugin v27.2 - https:\/\/yoast.com\/product\/yoast-seo-wordpress\/ -->\n<title>Quem Somos<\/title>\n<meta name=\"description\" content=\"Somos uma Holding Multissetorial de Franquias que traz no seu DNA 28 anos de experi\u00eancia no segmento.\" \/>\n<meta name=\"robots\" content=\"index, follow, max-snippet:-1, max-image-preview:large, max-video-preview:-1\" \/>\n<link rel=\"canonical\" href=\"https:\/\/www.kalaes.com.br\/22\/quemsomos\/\" \/>\n<meta property=\"og:locale\" content=\"pt_BR\" \/>\n<meta property=\"og:type\" content=\"article\" \/>\n<meta property=\"og:title\" content=\"Quem Somos\" \/>\n<meta property=\"og:description\" content=\"Somos uma Holding Multissetorial de Franquias que traz no seu DNA 28 anos de experi\u00eancia no segmento.\" \/>\n<meta property=\"og:url\" content=\"https:\/\/www.kalaes.com.br\/22\/quemsomos\/\" \/>\n<meta property=\"og:site_name\" content=\"Grupo Kalaes\" \/>\n<meta property=\"article:modified_time\" content=\"2025-06-03T12:01:09+00:00\" \/>\n<meta name=\"twitter:card\" content=\"summary_large_image\" \/>\n<meta name=\"twitter:label1\" content=\"Est. tempo de leitura\" \/>\n\t<meta name=\"twitter:data1\" content=\"4 minutos\" \/>\n<script type=\"application\/ld+json\" class=\"yoast-schema-graph\">{\"@context\":\"https:\/\/schema.org\",\"@graph\":[{\"@type\":\"WebPage\",\"@id\":\"https:\/\/www.kalaes.com.br\/22\/quemsomos\/\",\"url\":\"https:\/\/www.kalaes.com.br\/22\/quemsomos\/\",\"name\":\"Quem Somos\",\"isPartOf\":{\"@id\":\"https:\/\/www.kalaes.com.br\/22\/#website\"},\"datePublished\":\"2022-06-19T13:44:53+00:00\",\"dateModified\":\"2025-06-03T12:01:09+00:00\",\"description\":\"Somos uma Holding Multissetorial de Franquias que traz no seu DNA 28 anos de experi\u00eancia no segmento.\",\"breadcrumb\":{\"@id\":\"https:\/\/www.kalaes.com.br\/22\/quemsomos\/#breadcrumb\"},\"inLanguage\":\"pt-BR\",\"potentialAction\":[{\"@type\":\"ReadAction\",\"target\":[\"https:\/\/www.kalaes.com.br\/22\/quemsomos\/\"]}]},{\"@type\":\"BreadcrumbList\",\"@id\":\"https:\/\/www.kalaes.com.br\/22\/quemsomos\/#breadcrumb\",\"itemListElement\":[{\"@type\":\"ListItem\",\"position\":1,\"name\":\"In\u00edcio\",\"item\":\"https:\/\/www.kalaes.com.br\/22\/\"},{\"@type\":\"ListItem\",\"position\":2,\"name\":\"Quem Somos\"}]},{\"@type\":\"WebSite\",\"@id\":\"https:\/\/www.kalaes.com.br\/22\/#website\",\"url\":\"https:\/\/www.kalaes.com.br\/22\/\",\"name\":\"Grupo Kalaes\",\"description\":\"Holding multissetorial de franquias\",\"potentialAction\":[{\"@type\":\"SearchAction\",\"target\":{\"@type\":\"EntryPoint\",\"urlTemplate\":\"https:\/\/www.kalaes.com.br\/22\/?s={search_term_string}\"},\"query-input\":{\"@type\":\"PropertyValueSpecification\",\"valueRequired\":true,\"valueName\":\"search_term_string\"}}],\"inLanguage\":\"pt-BR\"}]}<\/script>\n<!-- \/ Yoast SEO plugin. -->","yoast_head_json":{"title":"Quem Somos","description":"Somos uma Holding Multissetorial de Franquias que traz no seu DNA 28 anos de experi\u00eancia no segmento.","robots":{"index":"index","follow":"follow","max-snippet":"max-snippet:-1","max-image-preview":"max-image-preview:large","max-video-preview":"max-video-preview:-1"},"canonical":"https:\/\/www.kalaes.com.br\/22\/quemsomos\/","og_locale":"pt_BR","og_type":"article","og_title":"Quem Somos","og_description":"Somos uma Holding Multissetorial de Franquias que traz no seu DNA 28 anos de experi\u00eancia no segmento.","og_url":"https:\/\/www.kalaes.com.br\/22\/quemsomos\/","og_site_name":"Grupo Kalaes","article_modified_time":"2025-06-03T12:01:09+00:00","twitter_card":"summary_large_image","twitter_misc":{"Est. tempo de leitura":"4 minutos"},"schema":{"@context":"https:\/\/schema.org","@graph":[{"@type":"WebPage","@id":"https:\/\/www.kalaes.com.br\/22\/quemsomos\/","url":"https:\/\/www.kalaes.com.br\/22\/quemsomos\/","name":"Quem Somos","isPartOf":{"@id":"https:\/\/www.kalaes.com.br\/22\/#website"},"datePublished":"2022-06-19T13:44:53+00:00","dateModified":"2025-06-03T12:01:09+00:00","description":"Somos uma Holding Multissetorial de Franquias que traz no seu DNA 28 anos de experi\u00eancia no segmento.","breadcrumb":{"@id":"https:\/\/www.kalaes.com.br\/22\/quemsomos\/#breadcrumb"},"inLanguage":"pt-BR","potentialAction":[{"@type":"ReadAction","target":["https:\/\/www.kalaes.com.br\/22\/quemsomos\/"]}]},{"@type":"BreadcrumbList","@id":"https:\/\/www.kalaes.com.br\/22\/quemsomos\/#breadcrumb","itemListElement":[{"@type":"ListItem","position":1,"name":"In\u00edcio","item":"https:\/\/www.kalaes.com.br\/22\/"},{"@type":"ListItem","position":2,"name":"Quem Somos"}]},{"@type":"WebSite","@id":"https:\/\/www.kalaes.com.br\/22\/#website","url":"https:\/\/www.kalaes.com.br\/22\/","name":"Grupo Kalaes","description":"Holding multissetorial de franquias","potentialAction":[{"@type":"SearchAction","target":{"@type":"EntryPoint","urlTemplate":"https:\/\/www.kalaes.com.br\/22\/?s={search_term_string}"},"query-input":{"@type":"PropertyValueSpecification","valueRequired":true,"valueName":"search_term_string"}}],"inLanguage":"pt-BR"}]}},"_links":{"self":[{"href":"https:\/\/www.kalaes.com.br\/22\/wp-json\/wp\/v2\/pages\/5545","targetHints":{"allow":["GET"]}}],"collection":[{"href":"https:\/\/www.kalaes.com.br\/22\/wp-json\/wp\/v2\/pages"}],"about":[{"href":"https:\/\/www.kalaes.com.br\/22\/wp-json\/wp\/v2\/types\/page"}],"author":[{"embeddable":true,"href":"https:\/\/www.kalaes.com.br\/22\/wp-json\/wp\/v2\/users\/2"}],"replies":[{"embeddable":true,"href":"https:\/\/www.kalaes.com.br\/22\/wp-json\/wp\/v2\/comments?post=5545"}],"version-history":[{"count":11,"href":"https:\/\/www.kalaes.com.br\/22\/wp-json\/wp\/v2\/pages\/5545\/revisions"}],"predecessor-version":[{"id":6458,"href":"https:\/\/www.kalaes.com.br\/22\/wp-json\/wp\/v2\/pages\/5545\/revisions\/6458"}],"wp:attachment":[{"href":"https:\/\/www.kalaes.com.br\/22\/wp-json\/wp\/v2\/media?parent=5545"}],"curies":[{"name":"wp","href":"https:\/\/api.w.org\/{rel}","templated":true}]}}