{"id":5676,"date":"2022-06-21T18:50:56","date_gmt":"2022-06-21T21:50:56","guid":{"rendered":"https:\/\/www.kalaes.com.br\/22\/?page_id=5676"},"modified":"2026-01-19T12:01:50","modified_gmt":"2026-01-19T15:01:50","slug":"odontospecial","status":"publish","type":"page","link":"https:\/\/www.kalaes.com.br\/22\/odontospecial\/","title":{"rendered":"OS"},"content":{"rendered":"<div class=\"wpb-content-wrapper\"><p>[vc_row full_width=&#8221;stretch_row&#8221; tlg_text_align=&#8221;text-center&#8221; css=&#8221;.vc_custom_1655846838491{background-color: #ffffff !important;}&#8221;][vc_column]<div class=\"tlg-spacer \" data-height=\"60\" data-height-tablet=\"60\" data-height-mobile=\"60\" style=\"clear:both;display:block;height:60px;\"><\/div>[vc_single_image image=&#8221;23&#8243; img_size=&#8221;full&#8221; alignment=&#8221;center&#8221;][vc_row_inner content_placement=&#8221;middle&#8221;][vc_column_inner width=&#8221;7\/12&#8243;][vc_single_image image=&#8221;5680&#8243; img_size=&#8221;full&#8221; alignment=&#8221;center&#8221;][\/vc_column_inner][vc_column_inner width=&#8221;5\/12&#8243;]<div class=\"tlg-spacer \" data-height=\"10\" data-height-tablet=\"10\" data-height-mobile=\"40\" style=\"clear:both;display:block;height:10px;\"><\/div>[vc_column_text css=&#8221;.vc_custom_1657291949969{padding-right: 30px !important;padding-left: 30px !important;}&#8221;]<\/p>\n<h5>A <strong>Odonto Special by Sabrina Sato<\/strong> \u00e9 uma rede de cl\u00ednicas odontol\u00f3gicas que oferece um atendimento completo, personalizado e avan\u00e7ado, os mais diversos tratamentos, alta tecnologia, seguran\u00e7a e conforto. Atrav\u00e9s de seu carisma predominante, a apresentadora, empres\u00e1ria e s\u00f3cia da rede <strong>Sabrina Sato<\/strong> contribui com muita relev\u00e2ncia, confian\u00e7a e conte\u00fado, devolvendo autoestima e sa\u00fade aos clientes.<\/h5>\n<p>[\/vc_column_text][vc_single_image image=&#8221;5661&#8243; img_size=&#8221;full&#8221; alignment=&#8221;center&#8221;]<div class=\"\"><a style=\"color:#ffffff;background:linear-gradient(to right,#dd3333 0%,#af2828 100%);border-color:transparent;border: none!important;\" id=\"btn-69ea1db3a1ced\" class=\"btn btn-rounded    btn-sm-sm\" href= \"https:\/\/www.odontospecial.com.br\" target='_blank' >www.odontospecial.com.br<\/a><\/div><script type=\"text\/javascript\">jQuery(document).ready(function(){jQuery('head').append('<style type=\"text\/css\" id=\"tlg-custom-css-btn-69ea1db3a1ced\">#btn-69ea1db3a1ced:hover{color:#ffffff!important;background:linear-gradient(to right,#000000 0%,#636363 100%)!important;border-color:#ffffff!important;}<\/style>');});<\/script><div class=\"tlg-spacer \" data-height=\"10\" data-height-tablet=\"10\" data-height-mobile=\"40\" style=\"clear:both;display:block;height:10px;\"><\/div>[\/vc_column_inner][\/vc_row_inner][vc_single_image image=&#8221;5740&#8243; img_size=&#8221;full&#8221; alignment=&#8221;center&#8221;][\/vc_column][\/vc_row][vc_row full_width=&#8221;stretch_row&#8221; css=&#8221;.vc_custom_1651428374966{background-color: #ffffff !important;}&#8221;][vc_column]<div class=\"tlg-spacer \" data-height=\"60\" data-height-tablet=\"60\" data-height-mobile=\"60\" style=\"clear:both;display:block;height:60px;\"><\/div>[vc_column_text]<\/p>\n<h4 style=\"text-align: center;\"><strong><span style=\"color: #ff0000;\">Conhe\u00e7a as outras marcas do Grupo Kalaes:<\/span><\/strong><\/h4>\n<p>[\/vc_column_text][vc_row_inner gap=&#8221;20&#8243; css=&#8221;.vc_custom_1651428390875{padding-right: 20px !important;padding-left: 20px !important;}&#8221;][vc_column_inner width=&#8221;1\/5&#8243;][vc_single_image image=&#8221;5790&#8243; img_size=&#8221;full&#8221; alignment=&#8221;center&#8221; onclick=&#8221;custom_link&#8221; css=&#8221;&#8221; link=&#8221;https:\/\/www.kalaes.com.br\/22\/cb04\/&#8221;][\/vc_column_inner][vc_column_inner width=&#8221;1\/5&#8243;][vc_single_image image=&#8221;5765&#8243; img_size=&#8221;full&#8221; alignment=&#8221;center&#8221; onclick=&#8221;custom_link&#8221; link=&#8221;https:\/\/www.kalaes.com.br\/22\/institutoanahickmann&#8221;][\/vc_column_inner][vc_column_inner width=&#8221;1\/5&#8243;][vc_single_image image=&#8221;21&#8243; img_size=&#8221;full&#8221; alignment=&#8221;center&#8221; onclick=&#8221;custom_link&#8221; css=&#8221;&#8221; link=&#8221;https:\/\/www.kalaes.com.br\/22\/ml&#8221;][\/vc_column_inner][vc_column_inner width=&#8221;1\/5&#8243;][vc_single_image image=&#8221;6633&#8243; img_size=&#8221;full&#8221; alignment=&#8221;center&#8221; onclick=&#8221;custom_link&#8221; css=&#8221;&#8221; link=&#8221;https:\/\/www.kalaes.com.br\/22\/mazukim&#8221;][\/vc_column_inner][vc_column_inner width=&#8221;1\/5&#8243;][vc_single_image image=&#8221;23&#8243; img_size=&#8221;full&#8221; alignment=&#8221;center&#8221; onclick=&#8221;custom_link&#8221; link=&#8221;https:\/\/www.kalaes.com.br\/22\/odontospecial&#8221;][\/vc_column_inner][\/vc_row_inner]<div class=\"tlg-spacer \" data-height=\"60\" data-height-tablet=\"60\" data-height-mobile=\"60\" style=\"clear:both;display:block;height:60px;\"><\/div>[\/vc_column][\/vc_row][vc_row tlg_padding=&#8221;pt0 pb0&#8243; el_id=&#8221;contato&#8221;][vc_column][\/vc_column][\/vc_row]<\/p>\n<\/div>","protected":false},"excerpt":{"rendered":"<p>[vc_row full_width=&#8221;stretch_row&#8221; tlg_text_align=&#8221;text-center&#8221; css=&#8221;.vc_custom_1655846838491{background-color: #ffffff !important;}&#8221;][vc_column][vc_single_image image=&#8221;23&#8243; img_size=&#8221;full&#8221; alignment=&#8221;center&#8221;][vc_row_inner content_placement=&#8221;middle&#8221;][vc_column_inner width=&#8221;7\/12&#8243;][vc_single_image image=&#8221;5680&#8243; img_size=&#8221;full&#8221; alignment=&#8221;center&#8221;][\/vc_column_inner][vc_column_inner width=&#8221;5\/12&#8243;][vc_column_text css=&#8221;.vc_custom_1657291949969{padding-right:&#8230;<\/p>\n","protected":false},"author":2,"featured_media":0,"parent":0,"menu_order":0,"comment_status":"closed","ping_status":"closed","template":"","meta":{"footnotes":""},"class_list":["post-5676","page","type-page","status-publish","hentry"],"yoast_head":"<!-- This site is optimized with the Yoast SEO plugin v27.2 - https:\/\/yoast.com\/product\/yoast-seo-wordpress\/ -->\n<title>Odonto Special<\/title>\n<meta name=\"description\" content=\"Rede de cl\u00ednicas odontol\u00f3gicas que oferece atendimento completo, personalizado e avan\u00e7ado, os mais diversos tratamentos e alta tecnologia, com seguran\u00e7a e conforto.\" \/>\n<meta name=\"robots\" content=\"index, follow, max-snippet:-1, max-image-preview:large, max-video-preview:-1\" \/>\n<link rel=\"canonical\" href=\"https:\/\/www.kalaes.com.br\/22\/odontospecial\/\" \/>\n<meta property=\"og:locale\" content=\"pt_BR\" \/>\n<meta property=\"og:type\" content=\"article\" \/>\n<meta property=\"og:title\" content=\"Odonto Special\" \/>\n<meta property=\"og:description\" content=\"Rede de cl\u00ednicas odontol\u00f3gicas que oferece atendimento completo, personalizado e avan\u00e7ado, os mais diversos tratamentos e alta tecnologia, com seguran\u00e7a e conforto.\" \/>\n<meta property=\"og:url\" content=\"https:\/\/www.kalaes.com.br\/22\/odontospecial\/\" \/>\n<meta property=\"og:site_name\" content=\"Grupo Kalaes\" \/>\n<meta property=\"article:modified_time\" content=\"2026-01-19T15:01:50+00:00\" \/>\n<meta name=\"twitter:card\" content=\"summary_large_image\" \/>\n<meta name=\"twitter:label1\" content=\"Est. tempo de leitura\" \/>\n\t<meta name=\"twitter:data1\" content=\"4 minutos\" \/>\n<script type=\"application\/ld+json\" class=\"yoast-schema-graph\">{\"@context\":\"https:\/\/schema.org\",\"@graph\":[{\"@type\":\"WebPage\",\"@id\":\"https:\/\/www.kalaes.com.br\/22\/odontospecial\/\",\"url\":\"https:\/\/www.kalaes.com.br\/22\/odontospecial\/\",\"name\":\"Odonto Special\",\"isPartOf\":{\"@id\":\"https:\/\/www.kalaes.com.br\/22\/#website\"},\"datePublished\":\"2022-06-21T21:50:56+00:00\",\"dateModified\":\"2026-01-19T15:01:50+00:00\",\"description\":\"Rede de cl\u00ednicas odontol\u00f3gicas que oferece atendimento completo, personalizado e avan\u00e7ado, os mais diversos tratamentos e alta tecnologia, com seguran\u00e7a e conforto.\",\"breadcrumb\":{\"@id\":\"https:\/\/www.kalaes.com.br\/22\/odontospecial\/#breadcrumb\"},\"inLanguage\":\"pt-BR\",\"potentialAction\":[{\"@type\":\"ReadAction\",\"target\":[\"https:\/\/www.kalaes.com.br\/22\/odontospecial\/\"]}]},{\"@type\":\"BreadcrumbList\",\"@id\":\"https:\/\/www.kalaes.com.br\/22\/odontospecial\/#breadcrumb\",\"itemListElement\":[{\"@type\":\"ListItem\",\"position\":1,\"name\":\"In\u00edcio\",\"item\":\"https:\/\/www.kalaes.com.br\/22\/\"},{\"@type\":\"ListItem\",\"position\":2,\"name\":\"OS\"}]},{\"@type\":\"WebSite\",\"@id\":\"https:\/\/www.kalaes.com.br\/22\/#website\",\"url\":\"https:\/\/www.kalaes.com.br\/22\/\",\"name\":\"Grupo Kalaes\",\"description\":\"Holding multissetorial de franquias\",\"potentialAction\":[{\"@type\":\"SearchAction\",\"target\":{\"@type\":\"EntryPoint\",\"urlTemplate\":\"https:\/\/www.kalaes.com.br\/22\/?s={search_term_string}\"},\"query-input\":{\"@type\":\"PropertyValueSpecification\",\"valueRequired\":true,\"valueName\":\"search_term_string\"}}],\"inLanguage\":\"pt-BR\"}]}<\/script>\n<!-- \/ Yoast SEO plugin. -->","yoast_head_json":{"title":"Odonto Special","description":"Rede de cl\u00ednicas odontol\u00f3gicas que oferece atendimento completo, personalizado e avan\u00e7ado, os mais diversos tratamentos e alta tecnologia, com seguran\u00e7a e conforto.","robots":{"index":"index","follow":"follow","max-snippet":"max-snippet:-1","max-image-preview":"max-image-preview:large","max-video-preview":"max-video-preview:-1"},"canonical":"https:\/\/www.kalaes.com.br\/22\/odontospecial\/","og_locale":"pt_BR","og_type":"article","og_title":"Odonto Special","og_description":"Rede de cl\u00ednicas odontol\u00f3gicas que oferece atendimento completo, personalizado e avan\u00e7ado, os mais diversos tratamentos e alta tecnologia, com seguran\u00e7a e conforto.","og_url":"https:\/\/www.kalaes.com.br\/22\/odontospecial\/","og_site_name":"Grupo Kalaes","article_modified_time":"2026-01-19T15:01:50+00:00","twitter_card":"summary_large_image","twitter_misc":{"Est. tempo de leitura":"4 minutos"},"schema":{"@context":"https:\/\/schema.org","@graph":[{"@type":"WebPage","@id":"https:\/\/www.kalaes.com.br\/22\/odontospecial\/","url":"https:\/\/www.kalaes.com.br\/22\/odontospecial\/","name":"Odonto Special","isPartOf":{"@id":"https:\/\/www.kalaes.com.br\/22\/#website"},"datePublished":"2022-06-21T21:50:56+00:00","dateModified":"2026-01-19T15:01:50+00:00","description":"Rede de cl\u00ednicas odontol\u00f3gicas que oferece atendimento completo, personalizado e avan\u00e7ado, os mais diversos tratamentos e alta tecnologia, com seguran\u00e7a e conforto.","breadcrumb":{"@id":"https:\/\/www.kalaes.com.br\/22\/odontospecial\/#breadcrumb"},"inLanguage":"pt-BR","potentialAction":[{"@type":"ReadAction","target":["https:\/\/www.kalaes.com.br\/22\/odontospecial\/"]}]},{"@type":"BreadcrumbList","@id":"https:\/\/www.kalaes.com.br\/22\/odontospecial\/#breadcrumb","itemListElement":[{"@type":"ListItem","position":1,"name":"In\u00edcio","item":"https:\/\/www.kalaes.com.br\/22\/"},{"@type":"ListItem","position":2,"name":"OS"}]},{"@type":"WebSite","@id":"https:\/\/www.kalaes.com.br\/22\/#website","url":"https:\/\/www.kalaes.com.br\/22\/","name":"Grupo Kalaes","description":"Holding multissetorial de franquias","potentialAction":[{"@type":"SearchAction","target":{"@type":"EntryPoint","urlTemplate":"https:\/\/www.kalaes.com.br\/22\/?s={search_term_string}"},"query-input":{"@type":"PropertyValueSpecification","valueRequired":true,"valueName":"search_term_string"}}],"inLanguage":"pt-BR"}]}},"_links":{"self":[{"href":"https:\/\/www.kalaes.com.br\/22\/wp-json\/wp\/v2\/pages\/5676","targetHints":{"allow":["GET"]}}],"collection":[{"href":"https:\/\/www.kalaes.com.br\/22\/wp-json\/wp\/v2\/pages"}],"about":[{"href":"https:\/\/www.kalaes.com.br\/22\/wp-json\/wp\/v2\/types\/page"}],"author":[{"embeddable":true,"href":"https:\/\/www.kalaes.com.br\/22\/wp-json\/wp\/v2\/users\/2"}],"replies":[{"embeddable":true,"href":"https:\/\/www.kalaes.com.br\/22\/wp-json\/wp\/v2\/comments?post=5676"}],"version-history":[{"count":12,"href":"https:\/\/www.kalaes.com.br\/22\/wp-json\/wp\/v2\/pages\/5676\/revisions"}],"predecessor-version":[{"id":6667,"href":"https:\/\/www.kalaes.com.br\/22\/wp-json\/wp\/v2\/pages\/5676\/revisions\/6667"}],"wp:attachment":[{"href":"https:\/\/www.kalaes.com.br\/22\/wp-json\/wp\/v2\/media?parent=5676"}],"curies":[{"name":"wp","href":"https:\/\/api.w.org\/{rel}","templated":true}]}}