{"id":5729,"date":"2022-06-22T09:38:45","date_gmt":"2022-06-22T12:38:45","guid":{"rendered":"https:\/\/www.kalaes.com.br\/22\/?page_id=5729"},"modified":"2022-06-22T09:38:45","modified_gmt":"2022-06-22T12:38:45","slug":"sidneykalaes","status":"publish","type":"page","link":"https:\/\/www.kalaes.com.br\/22\/sidneykalaes\/","title":{"rendered":"Sidney Kalaes"},"content":{"rendered":"<div class=\"wpb-content-wrapper\"><p>[vc_row full_width=&#8221;stretch_row&#8221; el_id=&#8221;sek&#8221; css=&#8221;.vc_custom_1655651339936{background-color: #ffffff !important;}&#8221;][vc_column][vc_row_inner content_placement=&#8221;middle&#8221; gap=&#8221;10&#8243;][vc_column_inner width=&#8221;1\/2&#8243;][vc_single_image image=&#8221;5554&#8243; img_size=&#8221;full&#8221; alignment=&#8221;center&#8221; css_animation=&#8221;fadeInLeft&#8221;][\/vc_column_inner][vc_column_inner width=&#8221;1\/2&#8243; css=&#8221;.vc_custom_1655647222681{padding-right: 30px !important;padding-left: 30px !important;}&#8221;]<div class=\"tlg-spacer \" data-height=\"10\" data-height-tablet=\"10\" data-height-mobile=\"40\" style=\"clear:both;display:block;height:10px;\"><\/div>[vc_column_text]<\/p>\n<h1><strong><span style=\"color: #ff0000;\">PROFESSOR FRANQUIA<\/span><\/strong><\/h1>\n<p>[\/vc_column_text][vc_column_text css=&#8221;.vc_custom_1655901752794{padding-right: 20px !important;}&#8221;]<\/p>\n<h5><strong><span style=\"color: #ff0000;\">Sidney Kalaes<\/span>, carinhosamente conhecido como Professor Franquia, iniciou h\u00e1 28 anos sua vasta experi\u00eancia neste meio como M\u00e1ster Franqueado em S\u00e3o Paulo com grandes marcas voltadas ao ramo de beleza e inform\u00e1tica. Posteriormente, com o sucesso e reconhecimento de seu trabalho, desenvolveu v\u00e1rios neg\u00f3cios em franquias de grande porte.<\/strong><\/h5>\n<h5><strong>Seu nome \u00e9 conhecido nacionalmente no ramo de franquias por sua expertise em treinamentos, capacita\u00e7\u00e3o e desenvolvimento pessoal dos seus franqueados e respectivas equipes, capacitando-os de forma que possam gerar grandes resultados.<\/strong><\/h5>\n<p>[\/vc_column_text]<div class=\"tlg-spacer \" data-height=\"40\" data-height-tablet=\"40\" data-height-mobile=\"40\" style=\"clear:both;display:block;height:40px;\"><\/div><div class=\"\"><a  id=\"btn-6a01f3af62f88\" class=\"btn btn-filled btn-rounded    btn-sm-sm\" href= \"https:\/\/www.kalaes.com.br\/22\/quemsomos\/\" target=\"_self\" >SAIBA MAIS SOBRE O GRUPO KALAES<\/a><\/div><div class=\"tlg-spacer \" data-height=\"10\" data-height-tablet=\"10\" data-height-mobile=\"40\" style=\"clear:both;display:block;height:10px;\"><\/div>[\/vc_column_inner][\/vc_row_inner][\/vc_column][\/vc_row][vc_row tlg_padding=&#8221;pt0 pb0&#8243; el_id=&#8221;contato&#8221;][vc_column][\/vc_column][\/vc_row]<\/p>\n<\/div>","protected":false},"excerpt":{"rendered":"<p>[vc_row full_width=&#8221;stretch_row&#8221; el_id=&#8221;sek&#8221; css=&#8221;.vc_custom_1655651339936{background-color: #ffffff !important;}&#8221;][vc_column][vc_row_inner content_placement=&#8221;middle&#8221; gap=&#8221;10&#8243;][vc_column_inner width=&#8221;1\/2&#8243;][vc_single_image image=&#8221;5554&#8243; img_size=&#8221;full&#8221; alignment=&#8221;center&#8221; css_animation=&#8221;fadeInLeft&#8221;][\/vc_column_inner][vc_column_inner width=&#8221;1\/2&#8243; css=&#8221;.vc_custom_1655647222681{padding-right: 30px&#8230;<\/p>\n","protected":false},"author":2,"featured_media":0,"parent":0,"menu_order":0,"comment_status":"closed","ping_status":"closed","template":"","meta":{"footnotes":""},"class_list":["post-5729","page","type-page","status-publish","hentry"],"yoast_head":"<!-- This site is optimized with the Yoast SEO plugin v27.2 - https:\/\/yoast.com\/product\/yoast-seo-wordpress\/ -->\n<title>Sidney Kalaes<\/title>\n<meta name=\"description\" content=\"Saiba mais sobre Sidney Kalaes, carinhosamente conhecido como Professor Franquia.\" \/>\n<meta name=\"robots\" content=\"index, follow, max-snippet:-1, max-image-preview:large, max-video-preview:-1\" \/>\n<link rel=\"canonical\" href=\"https:\/\/www.kalaes.com.br\/22\/sidneykalaes\/\" \/>\n<meta property=\"og:locale\" content=\"pt_BR\" \/>\n<meta property=\"og:type\" content=\"article\" \/>\n<meta property=\"og:title\" content=\"Sidney Kalaes\" \/>\n<meta property=\"og:description\" content=\"Saiba mais sobre Sidney Kalaes, carinhosamente conhecido como Professor Franquia.\" \/>\n<meta property=\"og:url\" content=\"https:\/\/www.kalaes.com.br\/22\/sidneykalaes\/\" \/>\n<meta property=\"og:site_name\" content=\"Grupo Kalaes\" \/>\n<meta name=\"twitter:card\" content=\"summary_large_image\" \/>\n<meta name=\"twitter:label1\" content=\"Est. tempo de leitura\" \/>\n\t<meta name=\"twitter:data1\" content=\"1 minuto\" \/>\n<script type=\"application\/ld+json\" class=\"yoast-schema-graph\">{\"@context\":\"https:\/\/schema.org\",\"@graph\":[{\"@type\":\"WebPage\",\"@id\":\"https:\/\/www.kalaes.com.br\/22\/sidneykalaes\/\",\"url\":\"https:\/\/www.kalaes.com.br\/22\/sidneykalaes\/\",\"name\":\"Sidney Kalaes\",\"isPartOf\":{\"@id\":\"https:\/\/www.kalaes.com.br\/22\/#website\"},\"datePublished\":\"2022-06-22T12:38:45+00:00\",\"description\":\"Saiba mais sobre Sidney Kalaes, carinhosamente conhecido como Professor Franquia.\",\"breadcrumb\":{\"@id\":\"https:\/\/www.kalaes.com.br\/22\/sidneykalaes\/#breadcrumb\"},\"inLanguage\":\"pt-BR\",\"potentialAction\":[{\"@type\":\"ReadAction\",\"target\":[\"https:\/\/www.kalaes.com.br\/22\/sidneykalaes\/\"]}]},{\"@type\":\"BreadcrumbList\",\"@id\":\"https:\/\/www.kalaes.com.br\/22\/sidneykalaes\/#breadcrumb\",\"itemListElement\":[{\"@type\":\"ListItem\",\"position\":1,\"name\":\"In\u00edcio\",\"item\":\"https:\/\/www.kalaes.com.br\/22\/\"},{\"@type\":\"ListItem\",\"position\":2,\"name\":\"Sidney Kalaes\"}]},{\"@type\":\"WebSite\",\"@id\":\"https:\/\/www.kalaes.com.br\/22\/#website\",\"url\":\"https:\/\/www.kalaes.com.br\/22\/\",\"name\":\"Grupo Kalaes\",\"description\":\"Holding multissetorial de franquias\",\"potentialAction\":[{\"@type\":\"SearchAction\",\"target\":{\"@type\":\"EntryPoint\",\"urlTemplate\":\"https:\/\/www.kalaes.com.br\/22\/?s={search_term_string}\"},\"query-input\":{\"@type\":\"PropertyValueSpecification\",\"valueRequired\":true,\"valueName\":\"search_term_string\"}}],\"inLanguage\":\"pt-BR\"}]}<\/script>\n<!-- \/ Yoast SEO plugin. -->","yoast_head_json":{"title":"Sidney Kalaes","description":"Saiba mais sobre Sidney Kalaes, carinhosamente conhecido como Professor Franquia.","robots":{"index":"index","follow":"follow","max-snippet":"max-snippet:-1","max-image-preview":"max-image-preview:large","max-video-preview":"max-video-preview:-1"},"canonical":"https:\/\/www.kalaes.com.br\/22\/sidneykalaes\/","og_locale":"pt_BR","og_type":"article","og_title":"Sidney Kalaes","og_description":"Saiba mais sobre Sidney Kalaes, carinhosamente conhecido como Professor Franquia.","og_url":"https:\/\/www.kalaes.com.br\/22\/sidneykalaes\/","og_site_name":"Grupo Kalaes","twitter_card":"summary_large_image","twitter_misc":{"Est. tempo de leitura":"1 minuto"},"schema":{"@context":"https:\/\/schema.org","@graph":[{"@type":"WebPage","@id":"https:\/\/www.kalaes.com.br\/22\/sidneykalaes\/","url":"https:\/\/www.kalaes.com.br\/22\/sidneykalaes\/","name":"Sidney Kalaes","isPartOf":{"@id":"https:\/\/www.kalaes.com.br\/22\/#website"},"datePublished":"2022-06-22T12:38:45+00:00","description":"Saiba mais sobre Sidney Kalaes, carinhosamente conhecido como Professor Franquia.","breadcrumb":{"@id":"https:\/\/www.kalaes.com.br\/22\/sidneykalaes\/#breadcrumb"},"inLanguage":"pt-BR","potentialAction":[{"@type":"ReadAction","target":["https:\/\/www.kalaes.com.br\/22\/sidneykalaes\/"]}]},{"@type":"BreadcrumbList","@id":"https:\/\/www.kalaes.com.br\/22\/sidneykalaes\/#breadcrumb","itemListElement":[{"@type":"ListItem","position":1,"name":"In\u00edcio","item":"https:\/\/www.kalaes.com.br\/22\/"},{"@type":"ListItem","position":2,"name":"Sidney Kalaes"}]},{"@type":"WebSite","@id":"https:\/\/www.kalaes.com.br\/22\/#website","url":"https:\/\/www.kalaes.com.br\/22\/","name":"Grupo Kalaes","description":"Holding multissetorial de franquias","potentialAction":[{"@type":"SearchAction","target":{"@type":"EntryPoint","urlTemplate":"https:\/\/www.kalaes.com.br\/22\/?s={search_term_string}"},"query-input":{"@type":"PropertyValueSpecification","valueRequired":true,"valueName":"search_term_string"}}],"inLanguage":"pt-BR"}]}},"_links":{"self":[{"href":"https:\/\/www.kalaes.com.br\/22\/wp-json\/wp\/v2\/pages\/5729","targetHints":{"allow":["GET"]}}],"collection":[{"href":"https:\/\/www.kalaes.com.br\/22\/wp-json\/wp\/v2\/pages"}],"about":[{"href":"https:\/\/www.kalaes.com.br\/22\/wp-json\/wp\/v2\/types\/page"}],"author":[{"embeddable":true,"href":"https:\/\/www.kalaes.com.br\/22\/wp-json\/wp\/v2\/users\/2"}],"replies":[{"embeddable":true,"href":"https:\/\/www.kalaes.com.br\/22\/wp-json\/wp\/v2\/comments?post=5729"}],"version-history":[{"count":2,"href":"https:\/\/www.kalaes.com.br\/22\/wp-json\/wp\/v2\/pages\/5729\/revisions"}],"predecessor-version":[{"id":5731,"href":"https:\/\/www.kalaes.com.br\/22\/wp-json\/wp\/v2\/pages\/5729\/revisions\/5731"}],"wp:attachment":[{"href":"https:\/\/www.kalaes.com.br\/22\/wp-json\/wp\/v2\/media?parent=5729"}],"curies":[{"name":"wp","href":"https:\/\/api.w.org\/{rel}","templated":true}]}}