{"id":6640,"date":"2026-01-19T08:48:29","date_gmt":"2026-01-19T11:48:29","guid":{"rendered":"https:\/\/www.kalaes.com.br\/22\/?page_id=6640"},"modified":"2026-01-19T09:34:18","modified_gmt":"2026-01-19T12:34:18","slug":"mazukim","status":"publish","type":"page","link":"https:\/\/www.kalaes.com.br\/22\/mazukim\/","title":{"rendered":"MAZUKIM"},"content":{"rendered":"<div class=\"wpb-content-wrapper\"><p>[vc_row full_width=&#8221;stretch_row&#8221; tlg_text_align=&#8221;text-center&#8221; css=&#8221;.vc_custom_1655846838491{background-color: #ffffff !important;}&#8221;][vc_column]<div class=\"tlg-spacer \" data-height=\"60\" data-height-tablet=\"60\" data-height-mobile=\"60\" style=\"clear:both;display:block;height:60px;\"><\/div>[vc_single_image image=&#8221;6633&#8243; img_size=&#8221;700&#215;200&#8243; alignment=&#8221;center&#8221; css=&#8221;&#8221;][vc_row_inner content_placement=&#8221;middle&#8221;][vc_column_inner width=&#8221;7\/12&#8243;][vc_single_image image=&#8221;6648&#8243; img_size=&#8221;full&#8221; alignment=&#8221;center&#8221; css=&#8221;&#8221;][\/vc_column_inner][vc_column_inner width=&#8221;5\/12&#8243;]<div class=\"tlg-spacer \" data-height=\"10\" data-height-tablet=\"10\" data-height-mobile=\"40\" style=\"clear:both;display:block;height:10px;\"><\/div>[vc_column_text css=&#8221;.vc_custom_1768825086043{padding-right: 30px !important;padding-left: 30px !important;}&#8221;]<\/p>\n<p class=\"cvGsUA direction-ltr align-justify para-style-body\"><span class=\"a_GcMg font-feature-liga-off font-feature-clig-off font-feature-calt-off text-decoration-none text-strikethrough-none\">A Mazukim \u00e9 uma franquia inovadora que une marketing &amp; vendas, educa\u00e7\u00e3o e tecnologia em um \u00fanico modelo de neg\u00f3cio.<\/span><\/p>\n<p class=\"cvGsUA direction-ltr align-justify para-style-body\"><span class=\"a_GcMg font-feature-liga-off font-feature-clig-off font-feature-calt-off text-decoration-none text-strikethrough-none\">Com mais de 14 anos de experi\u00eancia, ajudamos empreendedores a crescer com solu\u00e7\u00f5es digitais de alta performance, uma escola de marketing digital completa e tecnologias exclusivas que potencializam resultados de forma escal\u00e1vel e sustent\u00e1vel.<\/span><\/p>\n<p class=\"cvGsUA direction-ltr align-justify para-style-body\"><span class=\"a_GcMg font-feature-liga-off font-feature-clig-off font-feature-calt-off text-decoration-none text-strikethrough-none\">S\u00f3cio fundador:<\/span><\/p>\n<p class=\"cvGsUA direction-ltr align-justify para-style-body\"><span class=\"a_GcMg font-feature-liga-off font-feature-clig-off font-feature-calt-off text-decoration-none text-strikethrough-none\">Danilo Mazuquin \u00e9 empreendedor, especialista em marketing, vendas e tecnologia. Fundador da Mazukim, atua desde 2010 ajudando empresas e profissionais a crescerem atrav\u00e9s de estrat\u00e9gias inteligentes, automa\u00e7\u00f5es e educa\u00e7\u00e3o pr\u00e1tica. Possui forte presen\u00e7a digital, \u00e9 refer\u00eancia em Google Ads e mentor de centenas de empreendedores. Sua comunica\u00e7\u00e3o \u00e9 objetiva, consultiva e com foco em gerar resultado real.<\/span><\/p>\n<p>[\/vc_column_text][vc_single_image image=&#8221;6649&#8243; img_size=&#8221;full&#8221; alignment=&#8221;center&#8221; css=&#8221;&#8221;]<div class=\"\"><a style=\"color:#ffffff;background:linear-gradient(to right,#dd3333 0%,#af2828 100%);border-color:transparent;border: none!important;\" id=\"btn-69ea1dd82b927\" class=\"btn btn-rounded    btn-sm-sm\" href= \"https:\/\/www.mazukim.com.br\/\" target='_blank' >mazukim.com.br<\/a><\/div><script type=\"text\/javascript\">jQuery(document).ready(function(){jQuery('head').append('<style type=\"text\/css\" id=\"tlg-custom-css-btn-69ea1dd82b927\">#btn-69ea1dd82b927:hover{color:#ffffff!important;background:linear-gradient(to right,#000000 0%,#636363 100%)!important;border-color:#ffffff!important;}<\/style>');});<\/script><div class=\"tlg-spacer \" data-height=\"10\" data-height-tablet=\"10\" data-height-mobile=\"40\" style=\"clear:both;display:block;height:10px;\"><\/div>[\/vc_column_inner][\/vc_row_inner][\/vc_column][\/vc_row][vc_row full_width=&#8221;stretch_row&#8221; css=&#8221;.vc_custom_1651428374966{background-color: #ffffff !important;}&#8221;][vc_column]<div class=\"tlg-spacer \" data-height=\"60\" data-height-tablet=\"60\" data-height-mobile=\"60\" style=\"clear:both;display:block;height:60px;\"><\/div>[vc_column_text]<\/p>\n<h4 style=\"text-align: center;\"><strong><span style=\"color: #ff0000;\">Conhe\u00e7a as outras marcas do Grupo Kalaes:<\/span><\/strong><\/h4>\n<p>[\/vc_column_text][vc_row_inner gap=&#8221;20&#8243; css=&#8221;.vc_custom_1651428390875{padding-right: 20px !important;padding-left: 20px !important;}&#8221;][vc_column_inner width=&#8221;1\/5&#8243;][vc_single_image image=&#8221;5790&#8243; img_size=&#8221;full&#8221; alignment=&#8221;center&#8221; onclick=&#8221;custom_link&#8221; css=&#8221;&#8221; link=&#8221;https:\/\/www.kalaes.com.br\/22\/cb04\/&#8221;][\/vc_column_inner][vc_column_inner width=&#8221;1\/5&#8243;][vc_single_image image=&#8221;5765&#8243; img_size=&#8221;full&#8221; alignment=&#8221;center&#8221; onclick=&#8221;custom_link&#8221; link=&#8221;https:\/\/www.kalaes.com.br\/22\/institutoanahickmann&#8221;][\/vc_column_inner][vc_column_inner width=&#8221;1\/5&#8243;][vc_single_image image=&#8221;21&#8243; img_size=&#8221;full&#8221; alignment=&#8221;center&#8221; onclick=&#8221;custom_link&#8221; css=&#8221;&#8221; link=&#8221;https:\/\/www.kalaes.com.br\/22\/ml&#8221;][\/vc_column_inner][vc_column_inner width=&#8221;1\/5&#8243;][vc_single_image image=&#8221;6633&#8243; img_size=&#8221;full&#8221; alignment=&#8221;center&#8221; onclick=&#8221;custom_link&#8221; css=&#8221;&#8221; link=&#8221;https:\/\/www.kalaes.com.br\/22\/mazukim&#8221;][\/vc_column_inner][vc_column_inner width=&#8221;1\/5&#8243;][vc_single_image image=&#8221;23&#8243; img_size=&#8221;full&#8221; alignment=&#8221;center&#8221; onclick=&#8221;custom_link&#8221; link=&#8221;https:\/\/www.kalaes.com.br\/22\/odontospecial&#8221;][\/vc_column_inner][\/vc_row_inner]<div class=\"tlg-spacer \" data-height=\"60\" data-height-tablet=\"60\" data-height-mobile=\"60\" style=\"clear:both;display:block;height:60px;\"><\/div>[\/vc_column][\/vc_row][vc_row disable_element=&#8221;yes&#8221; tlg_padding=&#8221;pt0 pb0&#8243;][vc_column][vc_raw_html]JTNDYSUyMGhyZWYlM0QlMjJodHRwcyUzQSUyRiUyRmFwaS53aGF0c2FwcC5jb20lMkZzZW5kJTNGcGhvbmUlM0Q1NTExOTk5MDYxNDM0JTIyJTIwdGFyZ2V0JTNEJTIyX2JsYW5rJTIyJTNFJTNDaW1nJTIwJTIwY2xhc3MlM0QlMjJ3aGF0c2FwcCUyMiUyMHNyYyUzRCUyMmh0dHBzJTNBJTJGJTJGd3d3LmthbGFlcy5jb20uYnIlMkYyMiUyRndwLWNvbnRlbnQlMkZ1cGxvYWRzJTJGMjAyMiUyRjA1JTJGd2hhdHMtMS5wbmclMjIlMjAlMkYlM0UlM0MlMkZhJTNF[\/vc_raw_html][\/vc_column][\/vc_row][vc_row tlg_padding=&#8221;pt0 pb0&#8243; el_id=&#8221;contato&#8221;][vc_column][\/vc_column][\/vc_row]<\/p>\n<\/div>","protected":false},"excerpt":{"rendered":"<p>[vc_row full_width=&#8221;stretch_row&#8221; tlg_text_align=&#8221;text-center&#8221; css=&#8221;.vc_custom_1655846838491{background-color: #ffffff !important;}&#8221;][vc_column][vc_single_image image=&#8221;6633&#8243; img_size=&#8221;700&#215;200&#8243; alignment=&#8221;center&#8221; css=&#8221;&#8221;][vc_row_inner content_placement=&#8221;middle&#8221;][vc_column_inner width=&#8221;7\/12&#8243;][vc_single_image image=&#8221;6648&#8243; img_size=&#8221;full&#8221; alignment=&#8221;center&#8221; css=&#8221;&#8221;][\/vc_column_inner][vc_column_inner&#8230;<\/p>\n","protected":false},"author":2,"featured_media":0,"parent":0,"menu_order":0,"comment_status":"closed","ping_status":"closed","template":"","meta":{"footnotes":""},"class_list":["post-6640","page","type-page","status-publish","hentry"],"yoast_head":"<!-- This site is optimized with the Yoast SEO plugin v27.2 - https:\/\/yoast.com\/product\/yoast-seo-wordpress\/ -->\n<title>Mazukim<\/title>\n<meta name=\"description\" content=\"A Maislaser by Ana Hickmann \u00e9 uma rede de cl\u00ednicas com a melhor e mais eficaz solu\u00e7\u00e3o de depila\u00e7\u00e3o a laser do mercado.\" \/>\n<meta name=\"robots\" content=\"index, follow, max-snippet:-1, max-image-preview:large, max-video-preview:-1\" \/>\n<link rel=\"canonical\" href=\"https:\/\/www.kalaes.com.br\/22\/mazukim\/\" \/>\n<meta property=\"og:locale\" content=\"pt_BR\" \/>\n<meta property=\"og:type\" content=\"article\" \/>\n<meta property=\"og:title\" content=\"Mazukim\" \/>\n<meta property=\"og:description\" content=\"A Maislaser by Ana Hickmann \u00e9 uma rede de cl\u00ednicas com a melhor e mais eficaz solu\u00e7\u00e3o de depila\u00e7\u00e3o a laser do mercado.\" \/>\n<meta property=\"og:url\" content=\"https:\/\/www.kalaes.com.br\/22\/mazukim\/\" \/>\n<meta property=\"og:site_name\" content=\"Grupo Kalaes\" \/>\n<meta property=\"article:modified_time\" content=\"2026-01-19T12:34:18+00:00\" \/>\n<meta name=\"twitter:card\" content=\"summary_large_image\" \/>\n<meta name=\"twitter:label1\" content=\"Est. tempo de leitura\" \/>\n\t<meta name=\"twitter:data1\" content=\"3 minutos\" \/>\n<script type=\"application\/ld+json\" class=\"yoast-schema-graph\">{\"@context\":\"https:\/\/schema.org\",\"@graph\":[{\"@type\":\"WebPage\",\"@id\":\"https:\/\/www.kalaes.com.br\/22\/mazukim\/\",\"url\":\"https:\/\/www.kalaes.com.br\/22\/mazukim\/\",\"name\":\"Mazukim\",\"isPartOf\":{\"@id\":\"https:\/\/www.kalaes.com.br\/22\/#website\"},\"datePublished\":\"2026-01-19T11:48:29+00:00\",\"dateModified\":\"2026-01-19T12:34:18+00:00\",\"description\":\"A Maislaser by Ana Hickmann \u00e9 uma rede de cl\u00ednicas com a melhor e mais eficaz solu\u00e7\u00e3o de depila\u00e7\u00e3o a laser do mercado.\",\"breadcrumb\":{\"@id\":\"https:\/\/www.kalaes.com.br\/22\/mazukim\/#breadcrumb\"},\"inLanguage\":\"pt-BR\",\"potentialAction\":[{\"@type\":\"ReadAction\",\"target\":[\"https:\/\/www.kalaes.com.br\/22\/mazukim\/\"]}]},{\"@type\":\"BreadcrumbList\",\"@id\":\"https:\/\/www.kalaes.com.br\/22\/mazukim\/#breadcrumb\",\"itemListElement\":[{\"@type\":\"ListItem\",\"position\":1,\"name\":\"In\u00edcio\",\"item\":\"https:\/\/www.kalaes.com.br\/22\/\"},{\"@type\":\"ListItem\",\"position\":2,\"name\":\"MAZUKIM\"}]},{\"@type\":\"WebSite\",\"@id\":\"https:\/\/www.kalaes.com.br\/22\/#website\",\"url\":\"https:\/\/www.kalaes.com.br\/22\/\",\"name\":\"Grupo Kalaes\",\"description\":\"Holding multissetorial de franquias\",\"potentialAction\":[{\"@type\":\"SearchAction\",\"target\":{\"@type\":\"EntryPoint\",\"urlTemplate\":\"https:\/\/www.kalaes.com.br\/22\/?s={search_term_string}\"},\"query-input\":{\"@type\":\"PropertyValueSpecification\",\"valueRequired\":true,\"valueName\":\"search_term_string\"}}],\"inLanguage\":\"pt-BR\"}]}<\/script>\n<!-- \/ Yoast SEO plugin. -->","yoast_head_json":{"title":"Mazukim","description":"A Maislaser by Ana Hickmann \u00e9 uma rede de cl\u00ednicas com a melhor e mais eficaz solu\u00e7\u00e3o de depila\u00e7\u00e3o a laser do mercado.","robots":{"index":"index","follow":"follow","max-snippet":"max-snippet:-1","max-image-preview":"max-image-preview:large","max-video-preview":"max-video-preview:-1"},"canonical":"https:\/\/www.kalaes.com.br\/22\/mazukim\/","og_locale":"pt_BR","og_type":"article","og_title":"Mazukim","og_description":"A Maislaser by Ana Hickmann \u00e9 uma rede de cl\u00ednicas com a melhor e mais eficaz solu\u00e7\u00e3o de depila\u00e7\u00e3o a laser do mercado.","og_url":"https:\/\/www.kalaes.com.br\/22\/mazukim\/","og_site_name":"Grupo Kalaes","article_modified_time":"2026-01-19T12:34:18+00:00","twitter_card":"summary_large_image","twitter_misc":{"Est. tempo de leitura":"3 minutos"},"schema":{"@context":"https:\/\/schema.org","@graph":[{"@type":"WebPage","@id":"https:\/\/www.kalaes.com.br\/22\/mazukim\/","url":"https:\/\/www.kalaes.com.br\/22\/mazukim\/","name":"Mazukim","isPartOf":{"@id":"https:\/\/www.kalaes.com.br\/22\/#website"},"datePublished":"2026-01-19T11:48:29+00:00","dateModified":"2026-01-19T12:34:18+00:00","description":"A Maislaser by Ana Hickmann \u00e9 uma rede de cl\u00ednicas com a melhor e mais eficaz solu\u00e7\u00e3o de depila\u00e7\u00e3o a laser do mercado.","breadcrumb":{"@id":"https:\/\/www.kalaes.com.br\/22\/mazukim\/#breadcrumb"},"inLanguage":"pt-BR","potentialAction":[{"@type":"ReadAction","target":["https:\/\/www.kalaes.com.br\/22\/mazukim\/"]}]},{"@type":"BreadcrumbList","@id":"https:\/\/www.kalaes.com.br\/22\/mazukim\/#breadcrumb","itemListElement":[{"@type":"ListItem","position":1,"name":"In\u00edcio","item":"https:\/\/www.kalaes.com.br\/22\/"},{"@type":"ListItem","position":2,"name":"MAZUKIM"}]},{"@type":"WebSite","@id":"https:\/\/www.kalaes.com.br\/22\/#website","url":"https:\/\/www.kalaes.com.br\/22\/","name":"Grupo Kalaes","description":"Holding multissetorial de franquias","potentialAction":[{"@type":"SearchAction","target":{"@type":"EntryPoint","urlTemplate":"https:\/\/www.kalaes.com.br\/22\/?s={search_term_string}"},"query-input":{"@type":"PropertyValueSpecification","valueRequired":true,"valueName":"search_term_string"}}],"inLanguage":"pt-BR"}]}},"_links":{"self":[{"href":"https:\/\/www.kalaes.com.br\/22\/wp-json\/wp\/v2\/pages\/6640","targetHints":{"allow":["GET"]}}],"collection":[{"href":"https:\/\/www.kalaes.com.br\/22\/wp-json\/wp\/v2\/pages"}],"about":[{"href":"https:\/\/www.kalaes.com.br\/22\/wp-json\/wp\/v2\/types\/page"}],"author":[{"embeddable":true,"href":"https:\/\/www.kalaes.com.br\/22\/wp-json\/wp\/v2\/users\/2"}],"replies":[{"embeddable":true,"href":"https:\/\/www.kalaes.com.br\/22\/wp-json\/wp\/v2\/comments?post=6640"}],"version-history":[{"count":15,"href":"https:\/\/www.kalaes.com.br\/22\/wp-json\/wp\/v2\/pages\/6640\/revisions"}],"predecessor-version":[{"id":6663,"href":"https:\/\/www.kalaes.com.br\/22\/wp-json\/wp\/v2\/pages\/6640\/revisions\/6663"}],"wp:attachment":[{"href":"https:\/\/www.kalaes.com.br\/22\/wp-json\/wp\/v2\/media?parent=6640"}],"curies":[{"name":"wp","href":"https:\/\/api.w.org\/{rel}","templated":true}]}}